{"id":2595,"date":"2022-08-22T12:29:07","date_gmt":"2022-08-22T12:29:07","guid":{"rendered":"https:\/\/centregauss.es\/contacto\/"},"modified":"2024-08-29T07:50:08","modified_gmt":"2024-08-29T07:50:08","slug":"contacto","status":"publish","type":"page","link":"https:\/\/centregauss.es\/es\/contacto\/","title":{"rendered":"Contacto"},"content":{"rendered":"<p><div class=\"fusion-fullwidth fullwidth-box fusion-builder-row-1 fusion-flex-container has-pattern-background has-mask-background nonhundred-percent-fullwidth non-hundred-percent-height-scrolling\" style=\"--awb-border-radius-top-left:0px;--awb-border-radius-top-right:0px;--awb-border-radius-bottom-right:0px;--awb-border-radius-bottom-left:0px;--awb-margin-top:-99px;--awb-margin-top-small:-50px;--awb-flex-wrap:wrap;\" ><div class=\"fusion-builder-row fusion-row fusion-flex-align-items-flex-start fusion-flex-content-wrap\" style=\"max-width:1248px;margin-left: calc(-4% \/ 2 );margin-right: calc(-4% \/ 2 );\"><div class=\"fusion-layout-column fusion_builder_column fusion-builder-column-0 fusion_builder_column_1_1 1_1 fusion-flex-column\" style=\"--awb-bg-size:cover;--awb-width-large:100%;--awb-margin-top-large:0px;--awb-spacing-right-large:1.92%;--awb-margin-bottom-large:20px;--awb-spacing-left-large:1.92%;--awb-width-medium:100%;--awb-order-medium:0;--awb-spacing-right-medium:1.92%;--awb-spacing-left-medium:1.92%;--awb-width-small:100%;--awb-order-small:0;--awb-spacing-right-small:1.92%;--awb-spacing-left-small:1.92%;\"><div class=\"fusion-column-wrapper fusion-column-has-shadow fusion-flex-justify-content-flex-start fusion-content-layout-column\"><div class=\"fusion-section-separator section-separator big-half-circle fusion-section-separator-1\" style=\"--awb-spacer-height:99px;--awb-svg-margin-left:1.92%;--awb-svg-margin-right:1.92%;--awb-svg-margin-left-medium:1.92%;--awb-svg-margin-right-medium:1.92%;--awb-svg-margin-left-small:1.92%;--awb-svg-margin-right-small:1.92%;--awb-divider-height:99px;--awb-spacer-padding-top:inherit;--awb-divider-height-small:50px;--awb-spacer-height-small:50px;--awb-sep-padding:0;--awb-svg-padding:0;\"><div class=\"fusion-section-separator-svg\"><svg class=\"fusion-big-half-circle-candy\" xmlns=\"http:\/\/www.w3.org\/2000\/svg\" version=\"1.1\" width=\"100%\" height=\"100\" viewBox=\"0 0 100 100\" preserveAspectRatio=\"none\" fill=\"rgba(255,255,255,1)\"><path d=\"M0 100 C40 0 60 0 100 100 Z\"><\/path><\/svg><\/div><div class=\"fusion-section-separator-spacer\"><div class=\"fusion-section-separator-spacer-height\"><\/div><\/div><\/div><\/div><\/div><\/div><\/div><div class=\"fusion-fullwidth fullwidth-box fusion-builder-row-2 fusion-flex-container nonhundred-percent-fullwidth non-hundred-percent-height-scrolling\" style=\"--awb-border-sizes-top:0px;--awb-border-sizes-bottom:0px;--awb-border-sizes-left:0px;--awb-border-sizes-right:0px;--awb-border-radius-top-left:0px;--awb-border-radius-top-right:0px;--awb-border-radius-bottom-right:0px;--awb-border-radius-bottom-left:0px;--awb-padding-top:120px;--awb-padding-bottom:120px;--awb-padding-top-medium:90px;--awb-padding-bottom-medium:90px;--awb-padding-top-small:80px;--awb-padding-bottom-small:80px;--awb-background-color:var(--awb-color1);--awb-flex-wrap:wrap;\" ><div class=\"fusion-builder-row fusion-row fusion-flex-align-items-flex-start fusion-flex-content-wrap\" style=\"max-width:calc( 1200px + 100px );margin-left: calc(-100px \/ 2 );margin-right: calc(-100px \/ 2 );\"><div class=\"fusion-layout-column fusion_builder_column fusion-builder-column-1 fusion-flex-column fusion-animated\" style=\"--awb-bg-size:cover;--awb-border-color:hsla(var(--awb-color8-h),var(--awb-color8-s),var(--awb-color8-l),calc( var(--awb-color8-a) - 92% ));--awb-border-style:solid;--awb-width-large:45%;--awb-margin-top-large:0px;--awb-spacing-right-large:50px;--awb-margin-bottom-large:0px;--awb-spacing-left-large:50px;--awb-width-medium:50%;--awb-order-medium:0;--awb-spacing-right-medium:50px;--awb-spacing-left-medium:50px;--awb-width-small:100%;--awb-order-small:1;--awb-margin-top-small:0px;--awb-spacing-right-small:50px;--awb-margin-bottom-small:30px;--awb-spacing-left-small:50px;\" data-animationType=\"fadeInUp\" data-animationDuration=\"1.2\" data-animationOffset=\"top-into-view\"><div class=\"fusion-column-wrapper fusion-column-has-shadow fusion-flex-justify-content-flex-start fusion-content-layout-column\"><div class=\"fusion-text fusion-text-1 fusion-text-no-margin\" style=\"--awb-margin-bottom:0px;\"><p><iframe class=\"lazyload\" style=\"border: 0;\" src=\"data:image\/svg+xml,%3Csvg%20xmlns%3D%27http%3A%2F%2Fwww.w3.org%2F2000%2Fsvg%27%20width%3D%27100%27%20height%3D%27200%27%20viewBox%3D%270%200%20100%20200%27%3E%3Crect%20width%3D%27100%27%20height%3D%27200%27%20fill-opacity%3D%220%22%2F%3E%3C%2Fsvg%3E\" data-orig-src=\"https:\/\/www.google.com\/maps\/embed?pb=!1m18!1m12!1m3!1d2982.7654925125917!2d0.6202869!3d41.6175825!2m3!1f0!2f0!3f0!3m2!1i1024!2i768!4f13.1!3m3!1m2!1s0x12a6e0152d60feb9%3A0x83527eff1ce17cd0!2sAv.%20de%20Balmes%2C%2014%2C%2025006%20Lleida!5e0!3m2!1ses!2ses!4v1724152454682!5m2!1ses!2ses\" width=\"100%\" height=\"200\" allowfullscreen=\"allowfullscreen\"><\/iframe><\/p>\n<\/div><div class=\"fusion-builder-row fusion-builder-row-inner fusion-row fusion-flex-align-items-flex-start fusion-flex-content-wrap\" style=\"width:calc( 100% + 100px ) !important;max-width:calc( 100% + 100px ) !important;margin-left: calc(-100px \/ 2 );margin-right: calc(-100px \/ 2 );\"><div class=\"fusion-layout-column fusion_builder_column_inner fusion-builder-nested-column-0 fusion_builder_column_inner_1_1 1_1 fusion-flex-column\" style=\"--awb-padding-top:49px;--awb-padding-right:80px;--awb-padding-bottom:50px;--awb-padding-left:80px;--awb-padding-top-medium:60px;--awb-padding-right-medium:45px;--awb-padding-bottom-medium:60px;--awb-padding-left-medium:45px;--awb-bg-color:var(--awb-color7);--awb-bg-color-hover:var(--awb-color7);--awb-bg-image:linear-gradient(180deg, var(--awb-color5) 0%,var(--awb-color4) 80%);--awb-bg-size:cover;--awb-width-large:100%;--awb-margin-top-large:0px;--awb-spacing-right-large:50px;--awb-margin-bottom-large:0px;--awb-spacing-left-large:50px;--awb-width-medium:100%;--awb-order-medium:0;--awb-spacing-right-medium:50px;--awb-spacing-left-medium:50px;--awb-width-small:100%;--awb-order-small:0;--awb-spacing-right-small:50px;--awb-spacing-left-small:50px;\"><div class=\"fusion-column-wrapper fusion-column-has-shadow fusion-flex-justify-content-flex-start fusion-content-layout-column\"><div class=\"fusion-title title fusion-title-1 fusion-sep-none fusion-title-text fusion-title-size-five\" style=\"--awb-text-color:var(--awb-color1);--awb-margin-bottom:20px;\"><h5 class=\"fusion-title-heading title-heading-left fusion-responsive-typography-calculated\" style=\"margin:0;--fontSize:20;--minFontSize:20;line-height:1.4;\"><strong>Tel\u00e9fonos<\/strong><\/h5><\/div><div class=\"fusion-text fusion-text-2 fusion-text-no-margin\" style=\"--awb-text-color:var(--awb-color1);\"><p>Marc &#8211; <a style=\"color:white\" href=\"tel:616197373\">616 197 373<\/a><br \/>Miriam &#8211; <a style=\"color:white\" href=\"tel:615989292\">615 989 292<\/a><\/p>\n<\/div><div class=\"fusion-separator fusion-full-width-sep\" style=\"align-self: center;margin-left: auto;margin-right: auto;margin-top:30px;margin-bottom:30px;width:100%;\"><div class=\"fusion-separator-border sep-single sep-solid\" style=\"--awb-height:20px;--awb-amount:20px;--awb-sep-color:hsla(var(--awb-color1-h),var(--awb-color1-s),var(--awb-color1-l),calc(var(--awb-color1-a) - 90%));border-color:hsla(var(--awb-color1-h),var(--awb-color1-s),var(--awb-color1-l),calc(var(--awb-color1-a) - 90%));border-top-width:1px;\"><\/div><\/div><div class=\"fusion-title title fusion-title-2 fusion-sep-none fusion-title-text fusion-title-size-five\" style=\"--awb-text-color:var(--awb-color1);--awb-margin-bottom:20px;\"><h5 class=\"fusion-title-heading title-heading-left fusion-responsive-typography-calculated\" style=\"margin:0;--fontSize:20;--minFontSize:20;line-height:1.4;\"><strong>Localizaci\u00f3n<\/strong><\/h5><\/div><div class=\"fusion-text fusion-text-3 fusion-text-no-margin\" style=\"--awb-text-color:var(--awb-color1);\"><p><a style=\"color: white;\" href=\"https:\/\/maps.app.goo.gl\/hjztvZGVm2GbuXLU6\" target=\"_blank\" rel=\"noopener\">Avinguda Balmes 14, 2\u00aa 25004, Lleida<\/a><\/p>\n<\/div><div class=\"fusion-separator fusion-full-width-sep\" style=\"align-self: center;margin-left: auto;margin-right: auto;margin-top:30px;margin-bottom:30px;width:100%;\"><div class=\"fusion-separator-border sep-single sep-solid\" style=\"--awb-height:20px;--awb-amount:20px;--awb-sep-color:hsla(var(--awb-color1-h),var(--awb-color1-s),var(--awb-color1-l),calc(var(--awb-color1-a) - 90%));border-color:hsla(var(--awb-color1-h),var(--awb-color1-s),var(--awb-color1-l),calc(var(--awb-color1-a) - 90%));border-top-width:1px;\"><\/div><\/div><div class=\"fusion-title title fusion-title-3 fusion-sep-none fusion-title-text fusion-title-size-five\" style=\"--awb-text-color:var(--awb-color1);--awb-margin-bottom:20px;\"><h5 class=\"fusion-title-heading title-heading-left fusion-responsive-typography-calculated\" style=\"margin:0;--fontSize:20;--minFontSize:20;line-height:1.4;\">Redes sociales<\/h5><\/div><div class=\"fusion-social-links fusion-social-links-1\" style=\"--awb-margin-top:0px;--awb-margin-right:0px;--awb-margin-bottom:0px;--awb-margin-left:0px;--awb-alignment:left;--awb-box-border-top:0px;--awb-box-border-right:0px;--awb-box-border-bottom:0px;--awb-box-border-left:0px;--awb-icon-colors-hover:var(--awb-color4);--awb-box-colors-hover:var(--awb-color1);--awb-box-border-color:var(--awb-color3);--awb-box-border-color-hover:var(--awb-color4);\"><div class=\"fusion-social-networks color-type-custom\"><div class=\"fusion-social-networks-wrapper\"><a class=\"fusion-social-network-icon fusion-tooltip fusion-facebook awb-icon-facebook\" style=\"color:var(--awb-color1);font-size:15px;\" data-placement=\"top\" data-title=\"Facebook\" data-toggle=\"tooltip\" title=\"Facebook\" aria-label=\"facebook\" target=\"_blank\" rel=\"noopener noreferrer\" href=\"https:\/\/www.facebook.com\/centregauss\"><\/a><a class=\"fusion-social-network-icon fusion-tooltip fusion-instagram awb-icon-instagram\" style=\"color:var(--awb-color1);font-size:15px;\" data-placement=\"top\" data-title=\"Instagram\" data-toggle=\"tooltip\" title=\"Instagram\" aria-label=\"instagram\" target=\"_blank\" rel=\"noopener noreferrer\" href=\"https:\/\/www.instagram.com\/centregauss\/\"><\/a><\/div><\/div><\/div><\/div><\/div><\/div><\/div><\/div><div class=\"fusion-layout-column fusion_builder_column fusion-builder-column-2 fusion-flex-column fusion-animated\" style=\"--awb-bg-size:cover;--awb-border-color:hsla(var(--awb-color8-h),var(--awb-color8-s),var(--awb-color8-l),calc( var(--awb-color8-a) - 92% ));--awb-border-style:solid;--awb-width-large:55%;--awb-margin-top-large:0px;--awb-spacing-right-large:50px;--awb-margin-bottom-large:0px;--awb-spacing-left-large:50px;--awb-width-medium:50%;--awb-order-medium:0;--awb-spacing-right-medium:50px;--awb-spacing-left-medium:50px;--awb-width-small:100%;--awb-order-small:0;--awb-margin-top-small:0px;--awb-spacing-right-small:50px;--awb-margin-bottom-small:30px;--awb-spacing-left-small:50px;\" data-animationType=\"fadeInUp\" data-animationDuration=\"1.2\" data-animationOffset=\"top-into-view\"><div class=\"fusion-column-wrapper fusion-column-has-shadow fusion-flex-justify-content-flex-start fusion-content-layout-column\"><div class=\"fusion-title title fusion-title-4 fusion-sep-none fusion-title-text fusion-title-size-two\" style=\"--awb-margin-top:0px;--awb-margin-bottom:10px;\"><h2 class=\"fusion-title-heading title-heading-left sm-text-align-center\" style=\"margin:0;\"><p>Cont\u00e1ctanos y comienza tu camino hacia el \u00e9xito acad\u00e9mico<\/p>\n<p>&nbsp;<\/p><\/h2><\/div><div class=\"fusion-text fusion-text-4 sm-text-align-center\" style=\"--awb-font-size:15px;--awb-margin-top:0px;\"><p>Si tienes alguna <strong>cuesti\u00f3n<\/strong>&nbsp; o quieres <strong>m\u00e1s informaci\u00f3n<\/strong> sobre nuestros servicios, no dudes en ponerte en contacto con nosotros. En Centre <strong>Gauss <\/strong>estamos comprometidos con tu \u00e9xito y estaremos encantados de ayudarte en todo lo que necesites.<\/p>\n<\/div>\n<div class=\"wpcf7 no-js\" id=\"wpcf7-f2802-o1\" lang=\"es-ES\" dir=\"ltr\">\n<div class=\"screen-reader-response\"><p role=\"status\" aria-live=\"polite\" aria-atomic=\"true\"><\/p> <ul><\/ul><\/div>\n<form action=\"\/es\/wp-json\/wp\/v2\/pages\/2595#wpcf7-f2802-o1\" method=\"post\" class=\"wpcf7-form init\" aria-label=\"Formulario de contacto\" novalidate=\"novalidate\" data-status=\"init\">\n<div style=\"display: none;\">\n<input type=\"hidden\" name=\"_wpcf7\" value=\"2802\" \/>\n<input type=\"hidden\" name=\"_wpcf7_version\" value=\"5.9.8\" \/>\n<input type=\"hidden\" name=\"_wpcf7_locale\" value=\"es_ES\" \/>\n<input type=\"hidden\" name=\"_wpcf7_unit_tag\" value=\"wpcf7-f2802-o1\" \/>\n<input type=\"hidden\" name=\"_wpcf7_container_post\" value=\"0\" \/>\n<input type=\"hidden\" name=\"_wpcf7_posted_data_hash\" value=\"\" \/>\n<input type=\"hidden\" name=\"_wpcf7_recaptcha_response\" value=\"\" \/>\n<\/div>\n<div style=\"display:flex\">\n\t<div style=\"width:49%;margin-right:10px;\">\n\t\t<p><label> Nombre y apellido<br \/>\n<span class=\"wpcf7-form-control-wrap\" data-name=\"your-name\"><input size=\"40\" maxlength=\"400\" class=\"wpcf7-form-control wpcf7-text wpcf7-validates-as-required\" aria-required=\"true\" aria-invalid=\"false\" value=\"\" type=\"text\" name=\"your-name\" \/><\/span> <\/label>\n\t\t<\/p>\n\t<\/div>\n\t<div style=\"width:49%;margin-left:10px;\">\n\t\t<p><label> Asunto<br \/>\n<span class=\"wpcf7-form-control-wrap\" data-name=\"your-subject\"><input size=\"40\" maxlength=\"400\" class=\"wpcf7-form-control wpcf7-text wpcf7-validates-as-required\" aria-required=\"true\" aria-invalid=\"false\" value=\"\" type=\"text\" name=\"your-subject\" \/><\/span> <\/label>\n\t\t<\/p>\n\t<\/div>\n<\/div>\n<div style=\"display:flex\">\n\t<div style=\"width:49%;margin-right:10px;\">\n\t\t<p><label> Correo electr\u00f3nico<br \/>\n<span class=\"wpcf7-form-control-wrap\" data-name=\"your-email\"><input size=\"40\" maxlength=\"400\" class=\"wpcf7-form-control wpcf7-email wpcf7-validates-as-required wpcf7-text wpcf7-validates-as-email\" aria-required=\"true\" aria-invalid=\"false\" value=\"\" type=\"email\" name=\"your-email\" \/><\/span> <\/label>\n\t\t<\/p>\n\t<\/div>\n\t<div style=\"width:49%;margin-left:10px;\">\n\t\t<p><label> Tel\u00e9fono<br \/>\n<span class=\"wpcf7-form-control-wrap\" data-name=\"tel-250\"><input size=\"40\" maxlength=\"400\" class=\"wpcf7-form-control wpcf7-tel wpcf7-validates-as-required wpcf7-text wpcf7-validates-as-tel\" aria-required=\"true\" aria-invalid=\"false\" value=\"\" type=\"tel\" name=\"tel-250\" \/><\/span> <\/label>\n\t\t<\/p>\n\t<\/div>\n<\/div>\n<div style=\"display:flex\">\n\t<div style=\"width:49%;margin-right:10px;\">\n\t\t<p><label> \u00bfQue necesitas?<br \/>\n<span class=\"wpcf7-form-control-wrap\" data-name=\"menu-26\"><select class=\"wpcf7-form-control wpcf7-select wpcf7-validates-as-required\" aria-required=\"true\" aria-invalid=\"false\" name=\"menu-26\"><option value=\"Informaci\u00f3n\">Informaci\u00f3n<\/option><option value=\"Refuerzo universitario\">Refuerzo universitario<\/option><option value=\"Refuerzo bachillerato\">Refuerzo bachillerato<\/option><option value=\"Selectividad\">Selectividad<\/option><option value=\"Otros\">Otros<\/option><\/select><\/span> <\/label>\n\t\t<\/p>\n\t<\/div>\n\t<div style=\"width:49%;margin-left:10px;\">\n\t\t<p><label> \u00bfSobre qu\u00e9 facultad o curso? <span style=\"font-size:10px;font-style:italic;\"><\/span><br \/>\n<span class=\"wpcf7-form-control-wrap\" data-name=\"menu-447\"><select class=\"wpcf7-form-control wpcf7-select wpcf7-validates-as-required\" aria-required=\"true\" aria-invalid=\"false\" name=\"menu-447\"><option value=\"-\">-<\/option><option value=\"Selectividad\">Selectividad<\/option><option value=\"1\u00ba Bachillerato Cient\u00edfico\">1\u00ba Bachillerato Cient\u00edfico<\/option><option value=\"1\u00ba Bachillerato Social\">1\u00ba Bachillerato Social<\/option><option value=\"1\u00ba Bachillerato Tecnol\u00f3gico\">1\u00ba Bachillerato Tecnol\u00f3gico<\/option><option value=\"2\u00ba Bachillerato Cient\u00edfico\">2\u00ba Bachillerato Cient\u00edfico<\/option><option value=\"2\u00ba Bachillerato Social\">2\u00ba Bachillerato Social<\/option><option value=\"2\u00ba Bachillerato Tecnol\u00f3gico\">2\u00ba Bachillerato Tecnol\u00f3gico<\/option><option value=\"Escuela T\u00e9cnica Superior de Ingenier\u00eda Agraria\">Escuela T\u00e9cnica Superior de Ingenier\u00eda Agraria<\/option><option value=\"Escuela Polit\u00e9cnica Superior\">Escuela Polit\u00e9cnica Superior<\/option><option value=\"Facultad Medicina\">Facultad Medicina<\/option><option value=\"Facultad de Ciencias de la Educaci\u00f3n\">Facultad de Ciencias de la Educaci\u00f3n<\/option><option value=\"Otros\">Otros<\/option><\/select><\/span> <\/label>\n\t\t<\/p>\n\t<\/div>\n<\/div>\n<p><label> Mensaje<br \/>\n<span class=\"wpcf7-form-control-wrap\" data-name=\"your-message\"><textarea cols=\"40\" rows=\"10\" maxlength=\"2000\" class=\"wpcf7-form-control wpcf7-textarea\" aria-invalid=\"false\" name=\"your-message\"><\/textarea><\/span> <\/label>\n<\/p>\n<p><span class=\"wpcf7-form-control-wrap\" data-name=\"acceptance-58\"><span class=\"wpcf7-form-control wpcf7-acceptance\"><span class=\"wpcf7-list-item\"><input type=\"checkbox\" name=\"acceptance-58\" value=\"1\" aria-invalid=\"false\" \/><\/span><\/span><\/span><label>He le\u00eddo y acepto la <a href=\"\/es\/politica-de-privacidad\">pol\u00edtica de privacidad<\/a> y la <a href=\"\/es\/aviso-legal\">aviso legal<\/a><br \/>\n<\/label>\n<\/p>\n<p><input class=\"wpcf7-form-control wpcf7-submit has-spinner\" type=\"submit\" value=\"Enviar\" \/>\n<\/p><p style=\"display: none !important;\" class=\"akismet-fields-container\" data-prefix=\"_wpcf7_ak_\"><label>&#916;<textarea name=\"_wpcf7_ak_hp_textarea\" cols=\"45\" rows=\"8\" maxlength=\"100\"><\/textarea><\/label><input type=\"hidden\" id=\"ak_js_1\" name=\"_wpcf7_ak_js\" value=\"45\"\/><script>document.getElementById( \"ak_js_1\" ).setAttribute( \"value\", ( new Date() ).getTime() );<\/script><\/p><div class=\"fusion-alert alert custom alert-custom fusion-alert-center wpcf7-response-output awb-alert-native-link-color alert-dismissable awb-alert-close-boxed\" style=\"--awb-border-size:1px;--awb-border-top-left-radius:0px;--awb-border-top-right-radius:0px;--awb-border-bottom-left-radius:0px;--awb-border-bottom-right-radius:0px;\" role=\"alert\"><div class=\"fusion-alert-content-wrapper\"><span class=\"fusion-alert-content\"><\/span><\/div><button type=\"button\" class=\"close toggle-alert\" data-dismiss=\"alert\" aria-label=\"Close\">&times;<\/button><\/div>\n<\/form>\n<\/div>\n<\/div><\/div><\/div><\/div><\/p>\n","protected":false},"excerpt":{"rendered":"","protected":false},"author":1,"featured_media":2566,"parent":0,"menu_order":0,"comment_status":"closed","ping_status":"closed","template":"100-width.php","meta":{"footnotes":""},"class_list":["post-2595","page","type-page","status-publish","has-post-thumbnail","hentry"],"yoast_head":"<!-- This site is optimized with the Yoast SEO plugin v23.3 - https:\/\/yoast.com\/wordpress\/plugins\/seo\/ -->\n<title>Contacto - Centre d&#039;Estudis Superiors - Rep\u00e0s Universitat i Batxillerats Lleida<\/title>\n<meta name=\"robots\" content=\"index, follow, max-snippet:-1, max-image-preview:large, max-video-preview:-1\" \/>\n<link rel=\"canonical\" href=\"https:\/\/centregauss.es\/es\/contacto\/\" \/>\n<meta property=\"og:locale\" content=\"es_ES\" \/>\n<meta property=\"og:type\" content=\"article\" \/>\n<meta property=\"og:title\" content=\"Contacto - Centre d&#039;Estudis Superiors - Rep\u00e0s Universitat i Batxillerats Lleida\" \/>\n<meta property=\"og:url\" content=\"https:\/\/centregauss.es\/es\/contacto\/\" \/>\n<meta property=\"og:site_name\" content=\"Centre d&#039;Estudis Superiors - Rep\u00e0s Universitat i Batxillerats Lleida\" \/>\n<meta property=\"article:modified_time\" content=\"2024-08-29T07:50:08+00:00\" \/>\n<meta property=\"og:image\" content=\"https:\/\/centregauss.es\/wp-content\/uploads\/2024\/08\/CONTACTO_GAUSS.jpg\" \/>\n\t<meta property=\"og:image:width\" content=\"2000\" \/>\n\t<meta property=\"og:image:height\" content=\"1334\" \/>\n\t<meta property=\"og:image:type\" content=\"image\/jpeg\" \/>\n<meta name=\"twitter:card\" content=\"summary_large_image\" \/>\n<meta name=\"twitter:label1\" content=\"Tiempo de lectura\" \/>\n\t<meta name=\"twitter:data1\" content=\"11 minutos\" \/>\n<script type=\"application\/ld+json\" class=\"yoast-schema-graph\">{\"@context\":\"https:\/\/schema.org\",\"@graph\":[{\"@type\":\"WebPage\",\"@id\":\"https:\/\/centregauss.es\/es\/contacto\/\",\"url\":\"https:\/\/centregauss.es\/es\/contacto\/\",\"name\":\"Contacto - Centre d&#039;Estudis Superiors - Rep\u00e0s Universitat i Batxillerats Lleida\",\"isPartOf\":{\"@id\":\"https:\/\/centregauss.es\/es\/#website\"},\"primaryImageOfPage\":{\"@id\":\"https:\/\/centregauss.es\/es\/contacto\/#primaryimage\"},\"image\":{\"@id\":\"https:\/\/centregauss.es\/es\/contacto\/#primaryimage\"},\"thumbnailUrl\":\"https:\/\/centregauss.es\/wp-content\/uploads\/2024\/08\/CONTACTO_GAUSS.jpg\",\"datePublished\":\"2022-08-22T12:29:07+00:00\",\"dateModified\":\"2024-08-29T07:50:08+00:00\",\"breadcrumb\":{\"@id\":\"https:\/\/centregauss.es\/es\/contacto\/#breadcrumb\"},\"inLanguage\":\"es\",\"potentialAction\":[{\"@type\":\"ReadAction\",\"target\":[\"https:\/\/centregauss.es\/es\/contacto\/\"]}]},{\"@type\":\"ImageObject\",\"inLanguage\":\"es\",\"@id\":\"https:\/\/centregauss.es\/es\/contacto\/#primaryimage\",\"url\":\"https:\/\/centregauss.es\/wp-content\/uploads\/2024\/08\/CONTACTO_GAUSS.jpg\",\"contentUrl\":\"https:\/\/centregauss.es\/wp-content\/uploads\/2024\/08\/CONTACTO_GAUSS.jpg\",\"width\":2000,\"height\":1334},{\"@type\":\"BreadcrumbList\",\"@id\":\"https:\/\/centregauss.es\/es\/contacto\/#breadcrumb\",\"itemListElement\":[{\"@type\":\"ListItem\",\"position\":1,\"name\":\"Portada\",\"item\":\"https:\/\/centregauss.es\/es\/\"},{\"@type\":\"ListItem\",\"position\":2,\"name\":\"Contacto\"}]},{\"@type\":\"WebSite\",\"@id\":\"https:\/\/centregauss.es\/es\/#website\",\"url\":\"https:\/\/centregauss.es\/es\/\",\"name\":\"Centre d&#039;Estudis Superiors - Rep\u00e0s Universitat i Batxillerats Lleida\",\"description\":\"Academia Gauss\",\"potentialAction\":[{\"@type\":\"SearchAction\",\"target\":{\"@type\":\"EntryPoint\",\"urlTemplate\":\"https:\/\/centregauss.es\/es\/?s={search_term_string}\"},\"query-input\":\"required name=search_term_string\"}],\"inLanguage\":\"es\"}]}<\/script>\n<!-- \/ Yoast SEO plugin. -->","yoast_head_json":{"title":"Contacto - Centre d&#039;Estudis Superiors - Rep\u00e0s Universitat i Batxillerats Lleida","robots":{"index":"index","follow":"follow","max-snippet":"max-snippet:-1","max-image-preview":"max-image-preview:large","max-video-preview":"max-video-preview:-1"},"canonical":"https:\/\/centregauss.es\/es\/contacto\/","og_locale":"es_ES","og_type":"article","og_title":"Contacto - Centre d&#039;Estudis Superiors - Rep\u00e0s Universitat i Batxillerats Lleida","og_url":"https:\/\/centregauss.es\/es\/contacto\/","og_site_name":"Centre d&#039;Estudis Superiors - Rep\u00e0s Universitat i Batxillerats Lleida","article_modified_time":"2024-08-29T07:50:08+00:00","og_image":[{"width":2000,"height":1334,"url":"https:\/\/centregauss.es\/wp-content\/uploads\/2024\/08\/CONTACTO_GAUSS.jpg","type":"image\/jpeg"}],"twitter_card":"summary_large_image","twitter_misc":{"Tiempo de lectura":"11 minutos"},"schema":{"@context":"https:\/\/schema.org","@graph":[{"@type":"WebPage","@id":"https:\/\/centregauss.es\/es\/contacto\/","url":"https:\/\/centregauss.es\/es\/contacto\/","name":"Contacto - Centre d&#039;Estudis Superiors - Rep\u00e0s Universitat i Batxillerats Lleida","isPartOf":{"@id":"https:\/\/centregauss.es\/es\/#website"},"primaryImageOfPage":{"@id":"https:\/\/centregauss.es\/es\/contacto\/#primaryimage"},"image":{"@id":"https:\/\/centregauss.es\/es\/contacto\/#primaryimage"},"thumbnailUrl":"https:\/\/centregauss.es\/wp-content\/uploads\/2024\/08\/CONTACTO_GAUSS.jpg","datePublished":"2022-08-22T12:29:07+00:00","dateModified":"2024-08-29T07:50:08+00:00","breadcrumb":{"@id":"https:\/\/centregauss.es\/es\/contacto\/#breadcrumb"},"inLanguage":"es","potentialAction":[{"@type":"ReadAction","target":["https:\/\/centregauss.es\/es\/contacto\/"]}]},{"@type":"ImageObject","inLanguage":"es","@id":"https:\/\/centregauss.es\/es\/contacto\/#primaryimage","url":"https:\/\/centregauss.es\/wp-content\/uploads\/2024\/08\/CONTACTO_GAUSS.jpg","contentUrl":"https:\/\/centregauss.es\/wp-content\/uploads\/2024\/08\/CONTACTO_GAUSS.jpg","width":2000,"height":1334},{"@type":"BreadcrumbList","@id":"https:\/\/centregauss.es\/es\/contacto\/#breadcrumb","itemListElement":[{"@type":"ListItem","position":1,"name":"Portada","item":"https:\/\/centregauss.es\/es\/"},{"@type":"ListItem","position":2,"name":"Contacto"}]},{"@type":"WebSite","@id":"https:\/\/centregauss.es\/es\/#website","url":"https:\/\/centregauss.es\/es\/","name":"Centre d&#039;Estudis Superiors - Rep\u00e0s Universitat i Batxillerats Lleida","description":"Academia Gauss","potentialAction":[{"@type":"SearchAction","target":{"@type":"EntryPoint","urlTemplate":"https:\/\/centregauss.es\/es\/?s={search_term_string}"},"query-input":"required name=search_term_string"}],"inLanguage":"es"}]}},"_links":{"self":[{"href":"https:\/\/centregauss.es\/es\/wp-json\/wp\/v2\/pages\/2595","targetHints":{"allow":["GET"]}}],"collection":[{"href":"https:\/\/centregauss.es\/es\/wp-json\/wp\/v2\/pages"}],"about":[{"href":"https:\/\/centregauss.es\/es\/wp-json\/wp\/v2\/types\/page"}],"author":[{"embeddable":true,"href":"https:\/\/centregauss.es\/es\/wp-json\/wp\/v2\/users\/1"}],"replies":[{"embeddable":true,"href":"https:\/\/centregauss.es\/es\/wp-json\/wp\/v2\/comments?post=2595"}],"version-history":[{"count":15,"href":"https:\/\/centregauss.es\/es\/wp-json\/wp\/v2\/pages\/2595\/revisions"}],"predecessor-version":[{"id":2823,"href":"https:\/\/centregauss.es\/es\/wp-json\/wp\/v2\/pages\/2595\/revisions\/2823"}],"wp:featuredmedia":[{"embeddable":true,"href":"https:\/\/centregauss.es\/es\/wp-json\/wp\/v2\/media\/2566"}],"wp:attachment":[{"href":"https:\/\/centregauss.es\/es\/wp-json\/wp\/v2\/media?parent=2595"}],"curies":[{"name":"wp","href":"https:\/\/api.w.org\/{rel}","templated":true}]}}